{"id":644,"date":"2018-06-18T14:12:35","date_gmt":"2018-06-18T17:12:35","guid":{"rendered":"https:\/\/isfdtorresmolina.lrj.infd.edu.ar\/sitio\/?page_id=644"},"modified":"2024-09-20T12:36:44","modified_gmt":"2024-09-20T15:36:44","slug":"catalogo","status":"publish","type":"page","link":"https:\/\/isfdtorresmolina-lrj.infd.edu.ar\/sitio\/catalogo\/","title":{"rendered":"Carreras"},"content":{"rendered":"\n<figure class=\"wp-block-embed is-type-wp-embed is-provider-genially wp-block-embed-genially\"><div class=\"wp-block-embed__wrapper\">\n<iframe class=\"wp-embedded-content\" sandbox=\"allow-scripts\" security=\"restricted\" title=\"PRESENTACI\u00d3N ISFD PBRO LUIS TORRES MOLINA\" frameborder='0' width='1200' height='675' src='https:\/\/view.genially.com\/6239c73ef5bf9f001820ce2e#?secret=zzrar9cugy' data-secret='zzrar9cugy' scrolling='yes'><\/iframe>\n<\/div><\/figure>\n\n\n<div id='gallery-1' class='gallery galleryid-644 gallery-columns-1 gallery-size-full'><figure class='gallery-item'>\n\t\t\t<div class='gallery-icon landscape'>\n\t\t\t\t<a href='https:\/\/isfdtorresmolina-lrj.infd.edu.ar\/sitio\/catalogo\/06a95412-9dda-437e-b468-9fce0ad60c67-copia\/#main'><img width=\"1040\" height=\"480\" src=\"https:\/\/isfdtorresmolina-lrj.infd.edu.ar\/sitio\/wp-content\/uploads\/2022\/03\/06a95412-9dda-437e-b468-9fce0ad60c67-copia.png\" class=\"attachment-full size-full\" alt=\"\" decoding=\"async\" loading=\"lazy\" srcset=\"https:\/\/isfdtorresmolina-lrj.infd.edu.ar\/sitio\/wp-content\/uploads\/2022\/03\/06a95412-9dda-437e-b468-9fce0ad60c67-copia.png 1040w, https:\/\/isfdtorresmolina-lrj.infd.edu.ar\/sitio\/wp-content\/uploads\/2022\/03\/06a95412-9dda-437e-b468-9fce0ad60c67-copia-1000x462.png 1000w, https:\/\/isfdtorresmolina-lrj.infd.edu.ar\/sitio\/wp-content\/uploads\/2022\/03\/06a95412-9dda-437e-b468-9fce0ad60c67-copia-768x354.png 768w\" sizes=\"(max-width: 1040px) 100vw, 1040px\" \/><\/a>\n\t\t\t<\/div><\/figure>\n\t\t<\/div>\n\n\n\n<figure class=\"wp-block-embed is-type-video is-provider-youtube wp-block-embed-youtube wp-embed-aspect-16-9 wp-has-aspect-ratio\"><div class=\"wp-block-embed__wrapper\">\n<iframe loading=\"lazy\" title=\"&quot;Las emociones son las guardianas del aprendizaje&quot;. Bego\u00f1a Ibarrola, psic\u00f3loga y escritora\" width=\"1200\" height=\"675\" src=\"https:\/\/www.youtube.com\/embed\/r1MJIhLtggk?feature=oembed\" frameborder=\"0\" allow=\"accelerometer; autoplay; clipboard-write; encrypted-media; gyroscope; picture-in-picture; web-share\" referrerpolicy=\"strict-origin-when-cross-origin\" allowfullscreen><\/iframe>\n<\/div><\/figure>\n\n\n\n<p class=\"has-text-align-center\"><strong>En este v\u00eddeo, la psic\u00f3loga Bego\u00f1a Ibarrola explica la importancia de las emociones en el aprendizaje. \u00abLas emociones influyen en el que aprende y en el que ense\u00f1a\u00bb, se\u00f1ala la experta. Ibarrola desgrana con naturalidad y una gran capacidad did\u00e1ctica aquellas emociones que propician o dificultan el aprendizaje. \u00bfEs m\u00e1s f\u00e1cil aprender en entornos tranquilos? \u00bfC\u00f3mo afecta la envidia en la capacidad de atenci\u00f3n? Seg\u00fan Ibarrola es importante que el profesorado comprenda cu\u00e1les son los estados emocionales favorables para aprender. As\u00ed, asegura, \u00abpodr\u00e1n generar entornos de aula emocionalmente saludables\u00bb.<\/strong><\/p>\n\n\n\n<p><\/p>\n","protected":false},"excerpt":{"rendered":"<p>En este v\u00eddeo, la psic\u00f3loga Bego\u00f1a Ibarrola explica la importancia de las emociones en el aprendizaje. \u00abLas emociones influyen en el que aprende y en el que ense\u00f1a\u00bb, se\u00f1ala la experta. Ibarrola desgrana con naturalidad y una gran capacidad did\u00e1ctica aquellas emociones que propician o dificultan el aprendizaje. \u00bfEs m\u00e1s f\u00e1cil aprender en entornos tranquilos? &#8230; <a title=\"Carreras\" class=\"read-more\" href=\"https:\/\/isfdtorresmolina-lrj.infd.edu.ar\/sitio\/catalogo\/\" aria-label=\"More on Carreras\">[+]<\/a><\/p>\n","protected":false},"author":288,"featured_media":0,"parent":0,"menu_order":0,"comment_status":"open","ping_status":"closed","template":"","meta":[],"acf":[],"_links":{"self":[{"href":"https:\/\/isfdtorresmolina-lrj.infd.edu.ar\/sitio\/wp-json\/wp\/v2\/pages\/644"}],"collection":[{"href":"https:\/\/isfdtorresmolina-lrj.infd.edu.ar\/sitio\/wp-json\/wp\/v2\/pages"}],"about":[{"href":"https:\/\/isfdtorresmolina-lrj.infd.edu.ar\/sitio\/wp-json\/wp\/v2\/types\/page"}],"author":[{"embeddable":true,"href":"https:\/\/isfdtorresmolina-lrj.infd.edu.ar\/sitio\/wp-json\/wp\/v2\/users\/288"}],"replies":[{"embeddable":true,"href":"https:\/\/isfdtorresmolina-lrj.infd.edu.ar\/sitio\/wp-json\/wp\/v2\/comments?post=644"}],"version-history":[{"count":12,"href":"https:\/\/isfdtorresmolina-lrj.infd.edu.ar\/sitio\/wp-json\/wp\/v2\/pages\/644\/revisions"}],"predecessor-version":[{"id":917,"href":"https:\/\/isfdtorresmolina-lrj.infd.edu.ar\/sitio\/wp-json\/wp\/v2\/pages\/644\/revisions\/917"}],"wp:attachment":[{"href":"https:\/\/isfdtorresmolina-lrj.infd.edu.ar\/sitio\/wp-json\/wp\/v2\/media?parent=644"}],"curies":[{"name":"wp","href":"https:\/\/api.w.org\/{rel}","templated":true}]}}